{"id":329,"date":"2019-04-04T06:41:59","date_gmt":"2019-04-04T06:41:59","guid":{"rendered":"https:\/\/victorthemes.com\/themes\/windfall\/?page_id=329"},"modified":"2023-02-18T12:53:28","modified_gmt":"2023-02-18T15:53:28","slug":"about-us","status":"publish","type":"page","link":"https:\/\/www.hysoldclima.cl\/index.php\/about-us\/","title":{"rendered":"Quienes Somos"},"content":{"rendered":"\t\t<div data-elementor-type=\"wp-post\" data-elementor-id=\"329\" class=\"elementor elementor-329\">\n\t\t\t\t\t\t\t\t\t<section class=\"elementor-section elementor-top-section elementor-element elementor-element-9937da2 elementor-section-full_width elementor-section-height-default elementor-section-height-default\" data-id=\"9937da2\" data-element_type=\"section\">\n\t\t\t\t\t\t<div class=\"elementor-container elementor-column-gap-default\">\n\t\t\t\t\t<div class=\"elementor-column elementor-col-50 elementor-top-column elementor-element elementor-element-dc43839\" data-id=\"dc43839\" data-element_type=\"column\">\n\t\t\t<div class=\"elementor-widget-wrap elementor-element-populated\">\n\t\t\t\t\t\t\t\t<div class=\"elementor-element elementor-element-685d854 elementor-widget elementor-widget-image\" data-id=\"685d854\" data-element_type=\"widget\" data-widget_type=\"image.default\">\n\t\t\t\t<div class=\"elementor-widget-container\">\n\t\t\t<style>\/*! elementor - v3.11.5 - 14-03-2023 *\/\n.elementor-widget-image{text-align:center}.elementor-widget-image a{display:inline-block}.elementor-widget-image a img[src$=\".svg\"]{width:48px}.elementor-widget-image img{vertical-align:middle;display:inline-block}<\/style>\t\t\t\t\t\t\t\t\t\t\t\t<img loading=\"lazy\" decoding=\"async\" width=\"828\" height=\"490\" src=\"https:\/\/www.hysoldclima.cl\/wp-content\/uploads\/2019\/04\/blog7.png\" class=\"attachment-large size-large wp-image-114\" alt=\"\" srcset=\"https:\/\/www.hysoldclima.cl\/wp-content\/uploads\/2019\/04\/blog7.png 828w, https:\/\/www.hysoldclima.cl\/wp-content\/uploads\/2019\/04\/blog7-300x178.png 300w, https:\/\/www.hysoldclima.cl\/wp-content\/uploads\/2019\/04\/blog7-600x355.png 600w, https:\/\/www.hysoldclima.cl\/wp-content\/uploads\/2019\/04\/blog7-768x454.png 768w\" sizes=\"auto, (max-width: 828px) 100vw, 828px\" \/>\t\t\t\t\t\t\t\t\t\t\t\t\t\t\t<\/div>\n\t\t\t\t<\/div>\n\t\t\t\t\t<\/div>\n\t\t<\/div>\n\t\t\t\t<div class=\"elementor-column elementor-col-50 elementor-top-column elementor-element elementor-element-530b525\" data-id=\"530b525\" data-element_type=\"column\">\n\t\t\t<div class=\"elementor-widget-wrap elementor-element-populated\">\n\t\t\t\t\t\t\t\t<div class=\"elementor-element elementor-element-9d79480 elementor-widget elementor-widget-heading\" data-id=\"9d79480\" data-element_type=\"widget\" data-widget_type=\"heading.default\">\n\t\t\t\t<div class=\"elementor-widget-container\">\n\t\t\t<style>\/*! elementor - v3.11.5 - 14-03-2023 *\/\n.elementor-heading-title{padding:0;margin:0;line-height:1}.elementor-widget-heading .elementor-heading-title[class*=elementor-size-]>a{color:inherit;font-size:inherit;line-height:inherit}.elementor-widget-heading .elementor-heading-title.elementor-size-small{font-size:15px}.elementor-widget-heading .elementor-heading-title.elementor-size-medium{font-size:19px}.elementor-widget-heading .elementor-heading-title.elementor-size-large{font-size:29px}.elementor-widget-heading .elementor-heading-title.elementor-size-xl{font-size:39px}.elementor-widget-heading .elementor-heading-title.elementor-size-xxl{font-size:59px}<\/style><h2 class=\"elementor-heading-title elementor-size-default\">Bienvenidos a HySoldClima<\/h2>\t\t<\/div>\n\t\t\t\t<\/div>\n\t\t\t\t<div class=\"elementor-element elementor-element-1af578e elementor-widget elementor-widget-heading\" data-id=\"1af578e\" data-element_type=\"widget\" data-widget_type=\"heading.default\">\n\t\t\t\t<div class=\"elementor-widget-container\">\n\t\t\t<p class=\"elementor-heading-title elementor-size-default\">\"Nuestra empresa Multiservicios Hysoldclima Solution S.P.A, es una organizaci\u00f3n\nque est\u00e1 empezando en este rumbo, dedic\u00e1ndose a la fabricaci\u00f3n de salas de\nmaquinas a nivel de chiller, torre de enfriamiento, umas y fan-coil, salas de\nbombas, calderas, todo lo referente al sistema hidr\u00e1ulico, en tuber\u00edas ASTM (acero\nal carbono), PPR (termofusi\u00f3n), cobre etc.\"<\/p>\t\t<\/div>\n\t\t\t\t<\/div>\n\t\t\t\t<div class=\"elementor-element elementor-element-a21cb89 elementor-widget elementor-widget-text-editor\" data-id=\"a21cb89\" data-element_type=\"widget\" data-widget_type=\"text-editor.default\">\n\t\t\t\t<div class=\"elementor-widget-container\">\n\t\t\t<style>\/*! elementor - v3.11.5 - 14-03-2023 *\/\n.elementor-widget-text-editor.elementor-drop-cap-view-stacked .elementor-drop-cap{background-color:#818a91;color:#fff}.elementor-widget-text-editor.elementor-drop-cap-view-framed .elementor-drop-cap{color:#818a91;border:3px solid;background-color:transparent}.elementor-widget-text-editor:not(.elementor-drop-cap-view-default) .elementor-drop-cap{margin-top:8px}.elementor-widget-text-editor:not(.elementor-drop-cap-view-default) .elementor-drop-cap-letter{width:1em;height:1em}.elementor-widget-text-editor .elementor-drop-cap{float:left;text-align:center;line-height:1;font-size:50px}.elementor-widget-text-editor .elementor-drop-cap-letter{display:inline-block}<\/style>\t\t\t\t<p class=\"text-justify\">Instalaci\u00f3n y montaje de equipos de climatizaci\u00f3n para uso industrial y civil,<br \/>aparatos de ventilaci\u00f3n y ducterias.<\/p><p class=\"text-justify\">Instalaci\u00f3n, mantenci\u00f3n, asesorando proyectos de todo lo relacionado a base de<br \/>aires acondicionados, tambi\u00e9n por otra parte teniendo acceso a obras menores<br \/>como: instalaciones el\u00e9ctricas, instalaciones de tuber\u00edas en PPR, fabricaci\u00f3n de<br \/>portones y rejas tanto industriales como civiles.<\/p><p class=\"text-justify\">Esta empresa est\u00e1 formada por un equipo de trabajo comprometidos, motivados y enfocados a satisfacer las necesidades de nuestros clientes de forma respetuosa.<\/p><p class=\"text-justify\">Par\u00e1 aplicar nuestra labor contamos con un personal altamente calificado, y<br \/>herramientas adecuadas, lo que compromete la efectividad del trabajo, la rapidez, calidad y un precio adecuado o formal en cada uno de nuestros servicios.<\/p>\t\t\t\t\t\t<\/div>\n\t\t\t\t<\/div>\n\t\t\t\t\t<\/div>\n\t\t<\/div>\n\t\t\t\t\t\t\t<\/div>\n\t\t<\/section>\n\t\t\t\t<section class=\"elementor-section elementor-top-section elementor-element elementor-element-4f2bcb2 elementor-section-stretched elementor-section-full_width elementor-section-height-default elementor-section-height-default\" data-id=\"4f2bcb2\" data-element_type=\"section\" data-settings=\"{&quot;stretch_section&quot;:&quot;section-stretched&quot;,&quot;background_background&quot;:&quot;classic&quot;}\">\n\t\t\t\t\t\t<div class=\"elementor-container elementor-column-gap-default\">\n\t\t\t\t\t<div class=\"elementor-column elementor-col-100 elementor-top-column elementor-element elementor-element-e83ae5e\" data-id=\"e83ae5e\" data-element_type=\"column\">\n\t\t\t<div class=\"elementor-widget-wrap elementor-element-populated\">\n\t\t\t\t\t\t\t\t<div class=\"elementor-element elementor-element-480e55d elementor-widget elementor-widget-vt-windfall_features\" data-id=\"480e55d\" data-element_type=\"widget\" data-settings=\"{&quot;features_align&quot;:&quot;center&quot;}\" data-widget_type=\"vt-windfall_features.default\">\n\t\t\t\t<div class=\"elementor-widget-container\">\n\t\t\t<div class=\"wndfal-features center-align\"><div class=\"container\"><div class=\"row\"><div class=\"col-lg-3 col-md-6\">\r\n\t\t\t\t\t\t\t        <div class=\"feature-item\">\r\n\t\t\t\t\t\t\t           <div class=\"wndfal-icon\"><i class=\"ti-timer\" aria-hidden=\"true\"><\/i><\/div>\r\n\t\t\t\t\t\t\t          <h3 class=\"feature-title\"><a href=\"#0\"  >Disponibilidad 24\/7<\/a><\/h3><p>Todos nuestros servicios el\u00e9ctricos est\u00e1n disponibles a precios asequibles, nunca pague una cantidad adicional despu\u00e9s de cualquier servicio.<\/p>\r\n\t\t\t\t\t\t\t        <\/div>\r\n\t\t\t\t\t\t\t      <\/div><div class=\"col-lg-3 col-md-6\">\r\n\t\t\t\t\t\t\t        <div class=\"feature-item\">\r\n\t\t\t\t\t\t\t           <div class=\"wndfal-icon\"><i class=\"ti-wallet\" aria-hidden=\"true\"><\/i><\/div>\r\n\t\t\t\t\t\t\t          <h3 class=\"feature-title\"><a href=\"#0\"  >Precios Accesibles<\/a><\/h3><p>Nuestros precios son accesibles para todo tipo de negocio, contactanos y consulta por nuestros servicios, comprueba y compara nuestros precios con otras empresas.<\/p>\r\n\t\t\t\t\t\t\t        <\/div>\r\n\t\t\t\t\t\t\t      <\/div><div class=\"col-lg-3 col-md-6\">\r\n\t\t\t\t\t\t\t        <div class=\"feature-item\">\r\n\t\t\t\t\t\t\t           <div class=\"wndfal-icon\"><i class=\"ti-bar-chart\" aria-hidden=\"true\"><\/i><\/div>\r\n\t\t\t\t\t\t\t          <h3 class=\"feature-title\"><a href=\"#0\"  >Herramientas Adecuadas<\/a><\/h3><p>Par\u00e1 aplicar nuestra labor contamos con un personal altamente calificado, y herramientas adecuadas, lo que compromete la efectividad del trabajo, la rapidez, calidad y un precio adecuado o formal en cada uno de nuestros servicios <\/p>\r\n\t\t\t\t\t\t\t        <\/div>\r\n\t\t\t\t\t\t\t      <\/div><div class=\"col-lg-3 col-md-6\">\r\n\t\t\t\t\t\t\t        <div class=\"feature-item\">\r\n\t\t\t\t\t\t\t           <div class=\"wndfal-icon\"><i class=\"ti-receipt\" aria-hidden=\"true\"><\/i><\/div>\r\n\t\t\t\t\t\t\t          <h3 class=\"feature-title\"><a href=\"#0\"  >Estimaci\u00f3n Gratuita<\/a><\/h3><p>Para obtener un presupuesto gratuito y sin compromiso, env\u00edenos un correo electr\u00f3nico con sus datos o ll\u00e1menos y le responderemos el mismo d\u00eda.<\/p>\r\n\t\t\t\t\t\t\t        <\/div>\r\n\t\t\t\t\t\t\t      <\/div><\/div><\/div><\/div>\t\t<\/div>\n\t\t\t\t<\/div>\n\t\t\t\t\t<\/div>\n\t\t<\/div>\n\t\t\t\t\t\t\t<\/div>\n\t\t<\/section>\n\t\t\t\t<section class=\"elementor-section elementor-top-section elementor-element elementor-element-aea3eef elementor-section-stretched elementor-section-full_width elementor-section-height-default elementor-section-height-default\" data-id=\"aea3eef\" data-element_type=\"section\" data-settings=\"{&quot;stretch_section&quot;:&quot;section-stretched&quot;}\">\n\t\t\t\t\t\t<div class=\"elementor-container elementor-column-gap-default\">\n\t\t\t\t\t<div class=\"elementor-column elementor-col-100 elementor-top-column elementor-element elementor-element-ea8cf11\" data-id=\"ea8cf11\" data-element_type=\"column\">\n\t\t\t<div class=\"elementor-widget-wrap elementor-element-populated\">\n\t\t\t\t\t\t\t\t<div class=\"elementor-element elementor-element-c1b18d0 elementor-widget elementor-widget-vt-windfall_parallax_content\" data-id=\"c1b18d0\" data-element_type=\"widget\" data-widget_type=\"vt-windfall_parallax_content.default\">\n\t\t\t\t<div class=\"elementor-widget-container\">\n\t\t\t<div class=\"wndfal-reliable wndfal-parallax wndfal-overlay \">\r\n\t\t\t\t\t\t\t\t  <div class=\"container\">\r\n\t\t\t\t\t\t\t\t    <p>\"Garantizamos a nuestros clientes calidad del servicio, rapidez y cumplimiento. Intentaremos tener una prestaci\u00f3n de los servicios de instalaci\u00f3n, mantenci\u00f3n, limpieza, y obras menores teni\u00e9ndolas con una buena reputaci\u00f3n.<\/p>\r\n\t\t\t\t\t\t\t\t    \r\n\t\t\t\t\t\t\t\t  <\/div>\r\n\t\t\t\t\t\t\t\t<\/div>\t\t<\/div>\n\t\t\t\t<\/div>\n\t\t\t\t\t<\/div>\n\t\t<\/div>\n\t\t\t\t\t\t\t<\/div>\n\t\t<\/section>\n\t\t\t\t<section class=\"elementor-section elementor-top-section elementor-element elementor-element-4700608 elementor-section-stretched elementor-section-full_width elementor-section-height-default elementor-section-height-default\" data-id=\"4700608\" data-element_type=\"section\" data-settings=\"{&quot;stretch_section&quot;:&quot;section-stretched&quot;,&quot;background_background&quot;:&quot;classic&quot;}\">\n\t\t\t\t\t\t<div class=\"elementor-container elementor-column-gap-default\">\n\t\t\t\t\t<div class=\"elementor-column elementor-col-100 elementor-top-column elementor-element elementor-element-806e68e\" data-id=\"806e68e\" data-element_type=\"column\">\n\t\t\t<div class=\"elementor-widget-wrap\">\n\t\t\t\t\t\t\t\t\t<\/div>\n\t\t<\/div>\n\t\t\t\t\t\t\t<\/div>\n\t\t<\/section>\n\t\t\t\t\t\t\t<\/div>\n\t\t","protected":false},"excerpt":{"rendered":"Bienvenidos a HySoldClima \u00abNuestra empresa Multiservicios Hysoldclima Solution S.P.A, es una organizaci\u00f3n que est\u00e1 empezando en este rumbo, dedic\u00e1ndose a la fabricaci\u00f3n de salas de maquinas a nivel de chiller, torre de enfriamiento, umas y fan-coil, salas de bombas, calderas, todo lo referente al sistema hidr\u00e1ulico, en tuber\u00edas ASTM (acero al carbono), PPR (termofusi\u00f3n), cobre&#8230;","protected":false},"author":1,"featured_media":0,"parent":0,"menu_order":0,"comment_status":"closed","ping_status":"closed","template":"","meta":{"footnotes":""},"class_list":["post-329","page","type-page","status-publish","hentry"],"_links":{"self":[{"href":"https:\/\/www.hysoldclima.cl\/index.php\/wp-json\/wp\/v2\/pages\/329","targetHints":{"allow":["GET"]}}],"collection":[{"href":"https:\/\/www.hysoldclima.cl\/index.php\/wp-json\/wp\/v2\/pages"}],"about":[{"href":"https:\/\/www.hysoldclima.cl\/index.php\/wp-json\/wp\/v2\/types\/page"}],"author":[{"embeddable":true,"href":"https:\/\/www.hysoldclima.cl\/index.php\/wp-json\/wp\/v2\/users\/1"}],"replies":[{"embeddable":true,"href":"https:\/\/www.hysoldclima.cl\/index.php\/wp-json\/wp\/v2\/comments?post=329"}],"version-history":[{"count":29,"href":"https:\/\/www.hysoldclima.cl\/index.php\/wp-json\/wp\/v2\/pages\/329\/revisions"}],"predecessor-version":[{"id":1311,"href":"https:\/\/www.hysoldclima.cl\/index.php\/wp-json\/wp\/v2\/pages\/329\/revisions\/1311"}],"wp:attachment":[{"href":"https:\/\/www.hysoldclima.cl\/index.php\/wp-json\/wp\/v2\/media?parent=329"}],"curies":[{"name":"wp","href":"https:\/\/api.w.org\/{rel}","templated":true}]}}